{"id":30,"date":"2019-10-18T12:00:37","date_gmt":"2019-10-18T12:00:37","guid":{"rendered":"http:\/\/scofield-music.de\/?page_id=30"},"modified":"2023-10-14T21:01:30","modified_gmt":"2023-10-14T21:01:30","slug":"ueber-uns","status":"publish","type":"page","link":"https:\/\/scofield-music.de\/","title":{"rendered":"\u00dcber uns"},"content":{"rendered":"\n<p>Scofield sind ein Akustik Duo und bieten Coversongs ganz nach dem Motto &#8222;reduced to the max&#8220;.<br>Nur eine Akustikgitarre und Gesang\u2026. Das ergibt bekannte Songs in einem neuen Gewand f\u00fcr eine besondere Unplugged Erfahrung\u2026<\/p>\n\n\n\n<p>Das Repertoire umfasst Songs der letzten 70 Jahre, wobei wir uns gern in den 80ern tummeln, aber auch nicht vor alten Klassiker oder neuen Hits Halt machen, wenn diese uns begeistern und zu uns passen. Wir sch\u00f6pfen dabei aus aktuell \u00fcber 100 Songs und bieten f\u00fcr jede Gelegenheit etwas, sei es das romantische Candle Light Dinner, ein musikalischer Abend zum Zuh\u00f6ren oder f\u00fcr die Party, wo auf den Tischen getanzt und lauthals mitgesungen wird. Dabei sind wir r\u00e4umlich flexibel und passen in die Kneipe, Restaurant, gro\u00dfe B\u00fchne oder kleine B\u00fchne, Stadtfeste, Strassenfeste oder auch ganz intim ins Wohnzimmer. \ud83d\ude42<\/p>\n\n\n\n<p>In unserem Programm befinden sich u.a. Songs von Bill Withers, Michael Jackson, Midnight Oil, Green Day, Meredith Brooks, Elvis Presley, Bryan Adams, John Denver, Beyonce, Cutting Crew, U2, Survivor, Tom Petty &amp; The Heartbreakers, Gloria Gaynor, Phil Collins, Madonna, Bon Jovi, Metallica, Jessie J, Prince, Kim Carnes, 4 Non Blondes, Pat Benatar aber auch Nena, Achim Reichel, Udo Lindenberg, Sportfreunde Stiller, Westernhagen, Gr\u00f6nemeyer, Selig und BAP. Es sind zu viele, um alles aufzulisten.<\/p>\n\n\n\n<p>Folgt uns auch gern bei <a rel=\"noreferrer noopener\" aria-label=\"Facebook (\u00f6ffnet in neuem Tab)\" href=\"https:\/\/www.facebook.com\/scofieldmusicde\/\" target=\"_blank\">Facebook<\/a>, <a rel=\"noreferrer noopener\" aria-label=\"YouTube (\u00f6ffnet in neuem Tab)\" href=\"https:\/\/www.youtube.com\/channel\/UCiECspCLrNQNHeTsoPeFU4w?view_as=subscriber\" target=\"_blank\">YouTube<\/a> und <a href=\"https:\/\/www.instagram.com\/scofield.unpluggedexperience\/\" target=\"_blank\" rel=\"noreferrer noopener\" aria-label=\"Instagram (\u00f6ffnet in neuem Tab)\">Instagram<\/a>&#8230; Dann bekommt ihr immer die aktuellstens Informationen \u00fcber die Band-Entwicklungen und Termine sofort&#8230;<\/p>\n\n\n\n<p>Wir sehen uns &#8222;<a href=\"http:\/\/scofield-music.de\/?page_id=16\">on the road<\/a>&#8222;&#8230;. \ud83d\ude42<\/p>\n","protected":false},"excerpt":{"rendered":"<p>Scofield sind ein Akustik Duo und bieten Coversongs ganz nach dem Motto &#8222;reduced to the max&#8220;.Nur eine Akustikgitarre und Gesang\u2026. Das ergibt bekannte Songs in einem neuen Gewand f\u00fcr eine besondere Unplugged Erfahrung\u2026 Das Repertoire umfasst Songs der letzten 70 Jahre, wobei wir uns gern in den 80ern tummeln, aber auch nicht vor alten Klassiker &hellip; <\/p>\n<p class=\"link-more\"><a href=\"https:\/\/scofield-music.de\/\" class=\"more-link\"><span class=\"screen-reader-text\">\u201e\u00dcber uns\u201c<\/span> weiterlesen<\/a><\/p>\n","protected":false},"author":1,"featured_media":0,"parent":0,"menu_order":0,"comment_status":"closed","ping_status":"closed","template":"","meta":{"footnotes":""},"class_list":["post-30","page","type-page","status-publish","hentry"],"_links":{"self":[{"href":"https:\/\/scofield-music.de\/index.php?rest_route=\/wp\/v2\/pages\/30"}],"collection":[{"href":"https:\/\/scofield-music.de\/index.php?rest_route=\/wp\/v2\/pages"}],"about":[{"href":"https:\/\/scofield-music.de\/index.php?rest_route=\/wp\/v2\/types\/page"}],"author":[{"embeddable":true,"href":"https:\/\/scofield-music.de\/index.php?rest_route=\/wp\/v2\/users\/1"}],"replies":[{"embeddable":true,"href":"https:\/\/scofield-music.de\/index.php?rest_route=%2Fwp%2Fv2%2Fcomments&post=30"}],"version-history":[{"count":9,"href":"https:\/\/scofield-music.de\/index.php?rest_route=\/wp\/v2\/pages\/30\/revisions"}],"predecessor-version":[{"id":187,"href":"https:\/\/scofield-music.de\/index.php?rest_route=\/wp\/v2\/pages\/30\/revisions\/187"}],"wp:attachment":[{"href":"https:\/\/scofield-music.de\/index.php?rest_route=%2Fwp%2Fv2%2Fmedia&parent=30"}],"curies":[{"name":"wp","href":"https:\/\/api.w.org\/{rel}","templated":true}]}}