{"id":22,"date":"2019-10-18T11:57:14","date_gmt":"2019-10-18T11:57:14","guid":{"rendered":"http:\/\/scofield-music.de\/?page_id=22"},"modified":"2019-10-24T08:15:56","modified_gmt":"2019-10-24T08:15:56","slug":"kontakt","status":"publish","type":"page","link":"https:\/\/scofield-music.de\/?page_id=22","title":{"rendered":"Kontakt"},"content":{"rendered":"\n<p>Egal, ob Bar, Kneipe, Restaurant, Gartenparty, Wohnzimmer oder Festival&#8230; Wenn ihr Lust habt, da\u00df wir zu euch kommen, kontaktiert uns einfach.  \ud83d\ude42<\/p>\n\n\n<div class=\"wpforms-container wpforms-container-full\" id=\"wpforms-84\"><form id=\"wpforms-form-84\" class=\"wpforms-validate wpforms-form\" data-formid=\"84\" method=\"post\" enctype=\"multipart\/form-data\" action=\"\/index.php?rest_route=%2Fwp%2Fv2%2Fpages%2F22\" data-token=\"c900e671367b871d6ec6fa821e5ea9e9\" data-token-time=\"1778368143\"><noscript class=\"wpforms-error-noscript\">Bitte aktiviere JavaScript in deinem Browser, um dieses Formular fertigzustellen.<\/noscript><div class=\"wpforms-field-container\"><div id=\"wpforms-84-field_0-container\" class=\"wpforms-field wpforms-field-name\" data-field-id=\"0\"><label class=\"wpforms-field-label\" for=\"wpforms-84-field_0\">Name <span class=\"wpforms-required-label\">*<\/span><\/label><div class=\"wpforms-field-row wpforms-field-medium\"><div class=\"wpforms-field-row-block wpforms-first wpforms-one-half\"><input type=\"text\" id=\"wpforms-84-field_0\" class=\"wpforms-field-name-first wpforms-field-required\" name=\"wpforms[fields][0][first]\" required><label for=\"wpforms-84-field_0\" class=\"wpforms-field-sublabel after\">Vorname<\/label><\/div><div class=\"wpforms-field-row-block wpforms-one-half\"><input type=\"text\" id=\"wpforms-84-field_0-last\" class=\"wpforms-field-name-last wpforms-field-required\" name=\"wpforms[fields][0][last]\" required><label for=\"wpforms-84-field_0-last\" class=\"wpforms-field-sublabel after\">Nachname<\/label><\/div><\/div><\/div><div id=\"wpforms-84-field_1-container\" class=\"wpforms-field wpforms-field-email\" data-field-id=\"1\"><label class=\"wpforms-field-label\" for=\"wpforms-84-field_1\">E-Mail <span class=\"wpforms-required-label\">*<\/span><\/label><input type=\"email\" id=\"wpforms-84-field_1\" class=\"wpforms-field-medium wpforms-field-required\" name=\"wpforms[fields][1]\" spellcheck=\"false\" required><\/div><div id=\"wpforms-84-field_2-container\" class=\"wpforms-field wpforms-field-textarea\" data-field-id=\"2\"><label class=\"wpforms-field-label\" for=\"wpforms-84-field_2\">Kommentar oder Nachricht <span class=\"wpforms-required-label\">*<\/span><\/label><textarea id=\"wpforms-84-field_2\" class=\"wpforms-field-medium wpforms-field-required\" name=\"wpforms[fields][2]\" required><\/textarea><\/div><\/div><!-- .wpforms-field-container --><div class=\"wpforms-field wpforms-field-hp\"><label for=\"wpforms-84-field-hp\" class=\"wpforms-field-label\">Phone<\/label><input type=\"text\" name=\"wpforms[hp]\" id=\"wpforms-84-field-hp\" class=\"wpforms-field-medium\"><\/div><div class=\"wpforms-submit-container\" ><input type=\"hidden\" name=\"wpforms[id]\" value=\"84\"><input type=\"hidden\" name=\"page_title\" value=\"\"><input type=\"hidden\" name=\"page_url\" value=\"https:\/\/scofield-music.de\/index.php?rest_route=%2Fwp%2Fv2%2Fpages%2F22\"><button type=\"submit\" name=\"wpforms[submit]\" id=\"wpforms-submit-84\" class=\"wpforms-submit\" data-alt-text=\"Senden...\" data-submit-text=\"Absenden\" aria-live=\"assertive\" value=\"wpforms-submit\">Absenden<\/button><\/div><\/form><\/div>  <!-- .wpforms-container -->\n\n\n\n<h2 class=\"wp-block-heading\">Impressum<\/h2>\n\n\n\n<p><strong>INHALTE:&nbsp;<\/strong><\/p>\n\n\n\n<p>Mirko Sommer<\/p>\n\n\n\n<p><strong>BILDER:&nbsp;<\/strong><\/p>\n\n\n\n<p>Mirko Sommer<\/p>\n\n\n\n<p><strong>INHALT VERANTWORTLICHER GEM. \u00a76 TELEDIENSTGESETZ IST:&nbsp;<\/strong><\/p>\n\n\n\n<p>Mirko Sommer<\/p>\n\n\n\n<p>info@scofield-music.de<\/p>\n\n\n\n<p><strong>HAFTUNGSHINWEIS:<\/strong>&nbsp;<\/p>\n\n\n\n<p>IM RAHMEN UNSERES DIENSTES WERDEN AUCH LINKS ZU INTERNETINHALTEN ANDERER ANBIETER BEREITGESTELLT. AUF DEN INHALT DIESER SEITEN HABEN WIR KEINEN EINFLUSS. F\u00dcR DEN INHALT IST AUSSCHLIESSLICH DER BETREIBER DER ANDEREN WEBSEITE VERANTWORTLICH. TROTZ DER \u00dcBERPR\u00dcFUNG DER INHALTE IM GESETZLICH GEBOTENEN RAHMEN, M\u00dcSSEN WIR DAHER JEDE VERANTWORTUNG F\u00dcR DEN INHALT DIESER LINKS, BZW. DER VERLINKTEN SEITEN ABLEHNEN.\u00a0<\/p>\n","protected":false},"excerpt":{"rendered":"<p>Egal, ob Bar, Kneipe, Restaurant, Gartenparty, Wohnzimmer oder Festival&#8230; Wenn ihr Lust habt, da\u00df wir zu euch kommen, kontaktiert uns einfach. \ud83d\ude42 Impressum INHALTE:&nbsp; Mirko Sommer BILDER:&nbsp; Mirko Sommer INHALT VERANTWORTLICHER GEM. \u00a76 TELEDIENSTGESETZ IST:&nbsp; Mirko Sommer info@scofield-music.de HAFTUNGSHINWEIS:&nbsp; IM RAHMEN UNSERES DIENSTES WERDEN AUCH LINKS ZU INTERNETINHALTEN ANDERER ANBIETER BEREITGESTELLT. AUF DEN INHALT DIESER &hellip; <\/p>\n<p class=\"link-more\"><a href=\"https:\/\/scofield-music.de\/?page_id=22\" class=\"more-link\"><span class=\"screen-reader-text\">\u201eKontakt\u201c<\/span> weiterlesen<\/a><\/p>\n","protected":false},"author":1,"featured_media":0,"parent":0,"menu_order":0,"comment_status":"closed","ping_status":"closed","template":"","meta":{"footnotes":""},"class_list":["post-22","page","type-page","status-publish","hentry"],"_links":{"self":[{"href":"https:\/\/scofield-music.de\/index.php?rest_route=\/wp\/v2\/pages\/22"}],"collection":[{"href":"https:\/\/scofield-music.de\/index.php?rest_route=\/wp\/v2\/pages"}],"about":[{"href":"https:\/\/scofield-music.de\/index.php?rest_route=\/wp\/v2\/types\/page"}],"author":[{"embeddable":true,"href":"https:\/\/scofield-music.de\/index.php?rest_route=\/wp\/v2\/users\/1"}],"replies":[{"embeddable":true,"href":"https:\/\/scofield-music.de\/index.php?rest_route=%2Fwp%2Fv2%2Fcomments&post=22"}],"version-history":[{"count":6,"href":"https:\/\/scofield-music.de\/index.php?rest_route=\/wp\/v2\/pages\/22\/revisions"}],"predecessor-version":[{"id":92,"href":"https:\/\/scofield-music.de\/index.php?rest_route=\/wp\/v2\/pages\/22\/revisions\/92"}],"wp:attachment":[{"href":"https:\/\/scofield-music.de\/index.php?rest_route=%2Fwp%2Fv2%2Fmedia&parent=22"}],"curies":[{"name":"wp","href":"https:\/\/api.w.org\/{rel}","templated":true}]}}